{"id":382,"date":"2021-06-22T13:12:36","date_gmt":"2021-06-22T11:12:36","guid":{"rendered":"https:\/\/escuela.adiestrar-perros.com\/?page_id=382"},"modified":"2021-06-22T13:12:36","modified_gmt":"2021-06-22T11:12:36","slug":"capacidades-mejorar-resiliencia","status":"publish","type":"page","link":"https:\/\/escuela.adiestrar-perros.com\/web\/capacidades-mejorar-resiliencia\/","title":{"rendered":"Capacidades &#8211; Mejorar resiliencia"},"content":{"rendered":"<p>[et_pb_section fb_built=\u00bb1&#8243; disabled_on=\u00bbon|off|off\u00bb _builder_version=\u00bb4.9.4&#8243; _module_preset=\u00bbdefault\u00bb background_image=\u00bbhttps:\/\/escuela.adiestrar-perros.com\/web\/wp-content\/uploads\/2021\/06\/capacidades-resiliencia.jpg\u00bb height=\u00bb550px\u00bb custom_padding=\u00bb300px||||false|false\u00bb][et_pb_row _builder_version=\u00bb4.9.4&#8243; _module_preset=\u00bbdefault\u00bb custom_padding=\u00bb||8px||false|false\u00bb][et_pb_column type=\u00bb4_4&#8243; _builder_version=\u00bb4.9.4&#8243; _module_preset=\u00bbdefault\u00bb][et_pb_text _builder_version=\u00bb4.9.4&#8243; _module_preset=\u00bbdefault\u00bb header_font=\u00bb|300|||||||\u00bb header_text_color=\u00bb#FFFFFF\u00bb header_font_size=\u00bb25px\u00bb header_letter_spacing=\u00bb1px\u00bb header_2_font=\u00bb|300|||||||\u00bb header_2_text_color=\u00bb#FFFFFF\u00bb header_2_font_size=\u00bb30px\u00bb custom_css_main_element=\u00bbbackground: rgba(0, 0, 0, 0.7);||padding: 8px 10px 1px 10px;||display: inline-block;\u00bb]<\/p>\n<h1>CAPACIDADES<\/h1>\n<h2>MEJORAR RESILIENCIA<\/h2>\n<p>[\/et_pb_text][\/et_pb_column][\/et_pb_row][\/et_pb_section][et_pb_section fb_built=\u00bb1&#8243; disabled_on=\u00bboff|on|on\u00bb _builder_version=\u00bb4.9.4&#8243; _module_preset=\u00bbdefault\u00bb use_background_color_gradient=\u00bbon\u00bb background_color_gradient_start=\u00bb#eeeeee\u00bb background_color_gradient_end=\u00bb#cccccc\u00bb background_enable_image=\u00bboff\u00bb custom_padding=\u00bb60px||||false|false\u00bb][et_pb_row _builder_version=\u00bb4.9.4&#8243; _module_preset=\u00bbdefault\u00bb custom_padding=\u00bb||8px||false|false\u00bb][et_pb_column type=\u00bb4_4&#8243; _builder_version=\u00bb4.9.4&#8243; _module_preset=\u00bbdefault\u00bb][et_pb_text _builder_version=\u00bb4.9.4&#8243; _module_preset=\u00bbdefault\u00bb header_font=\u00bb||||||||\u00bb header_font_size=\u00bb35px\u00bb header_letter_spacing=\u00bb1px\u00bb]<\/p>\n<h1>CAPACIDADES<\/h1>\n<p>[\/et_pb_text][\/et_pb_column][\/et_pb_row][et_pb_row _builder_version=\u00bb4.9.4&#8243; _module_preset=\u00bbdefault\u00bb custom_padding=\u00bb0px||||false|false\u00bb][et_pb_column type=\u00bb4_4&#8243; _builder_version=\u00bb4.9.4&#8243; _module_preset=\u00bbdefault\u00bb][et_pb_text _builder_version=\u00bb4.9.4&#8243; _module_preset=\u00bbdefault\u00bb text_font_size=\u00bb20px\u00bb]<\/p>\n<p>Mejorar resiliencia<\/p>\n<p>[\/et_pb_text][\/et_pb_column][\/et_pb_row][\/et_pb_section][et_pb_section fb_built=\u00bb1&#8243; _builder_version=\u00bb4.9.4&#8243; _module_preset=\u00bbdefault\u00bb custom_padding=\u00bb||5px|||\u00bb][et_pb_row _builder_version=\u00bb4.9.4&#8243; _module_preset=\u00bbdefault\u00bb][et_pb_column type=\u00bb4_4&#8243; _builder_version=\u00bb4.9.4&#8243; _module_preset=\u00bbdefault\u00bb][et_pb_text _builder_version=\u00bb4.9.4&#8243; _module_preset=\u00bbdefault\u00bb text_font_size=\u00bb20px\u00bb text_line_height=\u00bb1.6em\u00bb text_orientation=\u00bbcenter\u00bb hover_enabled=\u00bb0&#8243; sticky_enabled=\u00bb0&#8243;]<\/p>\n<p>El tiempo de recuperaci\u00f3n despu\u00e9s de una situaci\u00f3n negativa es innato pero se puede mejorar haciendo algunos ejercicios espec\u00edficos<\/p>\n<p>[\/et_pb_text][\/et_pb_column][\/et_pb_row][\/et_pb_section][et_pb_section fb_built=\u00bb1&#8243; _builder_version=\u00bb4.9.4&#8243; _module_preset=\u00bbdefault\u00bb custom_padding=\u00bb30px|||||\u00bb][et_pb_row _builder_version=\u00bb4.9.4&#8243; _module_preset=\u00bbdefault\u00bb width=\u00bb90%\u00bb][et_pb_column type=\u00bb4_4&#8243; _builder_version=\u00bb4.9.4&#8243; _module_preset=\u00bbdefault\u00bb][et_pb_text _builder_version=\u00bb4.9.4&#8243; _module_preset=\u00bbdefault\u00bb]<\/p>\n<h3>Si esperas ser\u00e1 tuyo con un cuenco<\/h3>\n<p>[\/et_pb_text][et_pb_image src=\u00bbhttps:\/\/escuela.adiestrar-perros.com\/web\/wp-content\/uploads\/2021\/06\/capacidades-socializacion.jpg\u00bb title_text=\u00bbcapacidades-socializacion\u00bb _builder_version=\u00bb4.9.4&#8243; _module_preset=\u00bbdefault\u00bb][\/et_pb_image][\/et_pb_column][\/et_pb_row][\/et_pb_section]<\/p>\n","protected":false},"excerpt":{"rendered":"<p>CAPACIDADES MEJORAR RESILIENCIACAPACIDADESMejorar resilienciaEl tiempo de recuperaci\u00f3n despu\u00e9s de una situaci\u00f3n negativa es innato pero se puede mejorar haciendo algunos ejercicios espec\u00edficosSi esperas ser\u00e1 tuyo con un cuenco<\/p>\n","protected":false},"author":1,"featured_media":0,"parent":0,"menu_order":56,"comment_status":"closed","ping_status":"closed","template":"","meta":{"_et_pb_use_builder":"on","_et_pb_old_content":"","_et_gb_content_width":"","footnotes":""},"class_list":["post-382","page","type-page","status-publish","hentry"],"_links":{"self":[{"href":"https:\/\/escuela.adiestrar-perros.com\/web\/wp-json\/wp\/v2\/pages\/382","targetHints":{"allow":["GET"]}}],"collection":[{"href":"https:\/\/escuela.adiestrar-perros.com\/web\/wp-json\/wp\/v2\/pages"}],"about":[{"href":"https:\/\/escuela.adiestrar-perros.com\/web\/wp-json\/wp\/v2\/types\/page"}],"author":[{"embeddable":true,"href":"https:\/\/escuela.adiestrar-perros.com\/web\/wp-json\/wp\/v2\/users\/1"}],"replies":[{"embeddable":true,"href":"https:\/\/escuela.adiestrar-perros.com\/web\/wp-json\/wp\/v2\/comments?post=382"}],"version-history":[{"count":0,"href":"https:\/\/escuela.adiestrar-perros.com\/web\/wp-json\/wp\/v2\/pages\/382\/revisions"}],"wp:attachment":[{"href":"https:\/\/escuela.adiestrar-perros.com\/web\/wp-json\/wp\/v2\/media?parent=382"}],"curies":[{"name":"wp","href":"https:\/\/api.w.org\/{rel}","templated":true}]}}