{"id":178,"date":"2021-06-16T13:19:58","date_gmt":"2021-06-16T11:19:58","guid":{"rendered":"https:\/\/escuela.adiestrar-perros.com\/?page_id=178"},"modified":"2021-06-16T13:19:58","modified_gmt":"2021-06-16T11:19:58","slug":"frustracion","status":"publish","type":"page","link":"https:\/\/escuela.adiestrar-perros.com\/web\/frustracion\/","title":{"rendered":"Correcci\u00f3n de Conducta &#8211; Frustraci\u00f3n"},"content":{"rendered":"<p>[et_pb_section fb_built=\u00bb1&#8243; disabled_on=\u00bbon|off|off\u00bb _builder_version=\u00bb4.9.4&#8243; _module_preset=\u00bbdefault\u00bb background_image=\u00bbhttps:\/\/escuela.adiestrar-perros.com\/web\/wp-content\/uploads\/2021\/06\/correccion-frustracion.jpg\u00bb height=\u00bb550px\u00bb custom_padding=\u00bb300px||||false|false\u00bb][et_pb_row _builder_version=\u00bb4.9.4&#8243; _module_preset=\u00bbdefault\u00bb custom_padding=\u00bb||8px||false|false\u00bb][et_pb_column type=\u00bb4_4&#8243; _builder_version=\u00bb4.9.4&#8243; _module_preset=\u00bbdefault\u00bb][et_pb_text _builder_version=\u00bb4.9.4&#8243; _module_preset=\u00bbdefault\u00bb header_font=\u00bb|300|||||||\u00bb header_text_color=\u00bb#FFFFFF\u00bb header_font_size=\u00bb25px\u00bb header_letter_spacing=\u00bb1px\u00bb header_2_font=\u00bb|300|||||||\u00bb header_2_text_color=\u00bb#FFFFFF\u00bb header_2_font_size=\u00bb30px\u00bb custom_css_main_element=\u00bbbackground: rgba(0, 0, 0, 0.7);||padding: 8px 10px 1px 10px;||display: inline-block;\u00bb]<\/p>\n<h1>CORRECCI\u00d3N DE CONDUCTA<\/h1>\n<h2>FRUSTRACI\u00d3N<\/h2>\n<p>[\/et_pb_text][\/et_pb_column][\/et_pb_row][\/et_pb_section][et_pb_section fb_built=\u00bb1&#8243; disabled_on=\u00bboff|on|on\u00bb _builder_version=\u00bb4.9.4&#8243; _module_preset=\u00bbdefault\u00bb use_background_color_gradient=\u00bbon\u00bb background_color_gradient_start=\u00bb#eeeeee\u00bb background_color_gradient_end=\u00bb#cccccc\u00bb background_enable_image=\u00bboff\u00bb custom_padding=\u00bb60px||||false|false\u00bb][et_pb_row _builder_version=\u00bb4.9.4&#8243; _module_preset=\u00bbdefault\u00bb custom_padding=\u00bb||8px||false|false\u00bb][et_pb_column type=\u00bb4_4&#8243; _builder_version=\u00bb4.9.4&#8243; _module_preset=\u00bbdefault\u00bb][et_pb_text _builder_version=\u00bb4.9.4&#8243; _module_preset=\u00bbdefault\u00bb header_font=\u00bb||||||||\u00bb header_font_size=\u00bb35px\u00bb header_letter_spacing=\u00bb1px\u00bb]<\/p>\n<h1>CORRECCI\u00d3N DE CONDUCTA<\/h1>\n<p>[\/et_pb_text][\/et_pb_column][\/et_pb_row][et_pb_row _builder_version=\u00bb4.9.4&#8243; _module_preset=\u00bbdefault\u00bb custom_padding=\u00bb0px||||false|false\u00bb][et_pb_column type=\u00bb4_4&#8243; _builder_version=\u00bb4.9.4&#8243; _module_preset=\u00bbdefault\u00bb][et_pb_text _builder_version=\u00bb4.9.4&#8243; _module_preset=\u00bbdefault\u00bb text_font_size=\u00bb20px\u00bb]<\/p>\n<p>Frustraci\u00f3n<\/p>\n<p>[\/et_pb_text][\/et_pb_column][\/et_pb_row][\/et_pb_section][et_pb_section fb_built=\u00bb1&#8243; _builder_version=\u00bb4.9.4&#8243; _module_preset=\u00bbdefault\u00bb custom_padding=\u00bb||5px|||\u00bb][et_pb_row _builder_version=\u00bb4.9.4&#8243; _module_preset=\u00bbdefault\u00bb][et_pb_column type=\u00bb4_4&#8243; _builder_version=\u00bb4.9.4&#8243; _module_preset=\u00bbdefault\u00bb][et_pb_text _builder_version=\u00bb4.9.4&#8243; _module_preset=\u00bbdefault\u00bb text_font_size=\u00bb20px\u00bb text_line_height=\u00bb1.6em\u00bb text_orientation=\u00bbcenter\u00bb]<\/p>\n<p>A trav\u00e9s de ejercicios especificos el perro aprender\u00e1 a gestionar sus frustraciones de una manera correcta<\/p>\n<p>[\/et_pb_text][\/et_pb_column][\/et_pb_row][\/et_pb_section][et_pb_section fb_built=\u00bb1&#8243; _builder_version=\u00bb4.9.4&#8243; _module_preset=\u00bbdefault\u00bb background_enable_color=\u00bboff\u00bb custom_padding=\u00bb30px|||||\u00bb][et_pb_row _builder_version=\u00bb4.9.4&#8243; _module_preset=\u00bbdefault\u00bb width=\u00bb90%\u00bb][et_pb_column type=\u00bb4_4&#8243; _builder_version=\u00bb4.9.4&#8243; _module_preset=\u00bbdefault\u00bb][et_pb_text _builder_version=\u00bb4.9.4&#8243; _module_preset=\u00bbdefault\u00bb]<\/p>\n<h3>Gestionar la impulsividad<\/h3>\n<p>[\/et_pb_text][et_pb_text _builder_version=\u00bb4.9.4&#8243; _module_preset=\u00bbdefault\u00bb]<\/p>\n<p><strong>No informativo<\/strong><\/p>\n<p>[\/et_pb_text][et_pb_video src=\u00bbhttps:\/\/escuela.adiestrar-perros.com\/videos\/capacidades\/gestionar-impulsividad\/07 No informativo.mp4&#8243; _builder_version=\u00bb4.9.4&#8243; _module_preset=\u00bbdefault\u00bb width=\u00bb70%\u00bb width_tablet=\u00bb\u00bb width_phone=\u00bb100%\u00bb width_last_edited=\u00bbon|desktop\u00bb][\/et_pb_video][et_pb_text _builder_version=\u00bb4.9.4&#8243; _module_preset=\u00bbdefault\u00bb]<\/p>\n<p><strong>Contar hasta diez<\/strong><\/p>\n<p>[\/et_pb_text][et_pb_video src=\u00bbhttps:\/\/escuela.adiestrar-perros.com\/videos\/capacidades\/gestionar-impulsividad\/09 Contar hasta 10.mp4&#8243; _builder_version=\u00bb4.9.4&#8243; _module_preset=\u00bbdefault\u00bb width=\u00bb70%\u00bb width_tablet=\u00bb\u00bb width_phone=\u00bb100%\u00bb width_last_edited=\u00bbon|desktop\u00bb][\/et_pb_video][et_pb_text _builder_version=\u00bb4.9.4&#8243; _module_preset=\u00bbdefault\u00bb]<\/p>\n<p><strong>El m\u00e1s r\u00e1pido gana<\/strong><\/p>\n<p>[\/et_pb_text][et_pb_video src=\u00bbhttps:\/\/escuela.adiestrar-perros.com\/videos\/capacidades\/gestionar-impulsividad\/20 El mas rapido gana.mp4&#8243; _builder_version=\u00bb4.9.4&#8243; _module_preset=\u00bbdefault\u00bb width=\u00bb70%\u00bb width_tablet=\u00bb\u00bb width_phone=\u00bb100%\u00bb width_last_edited=\u00bbon|desktop\u00bb][\/et_pb_video][\/et_pb_column][\/et_pb_row][\/et_pb_section][et_pb_section fb_built=\u00bb1&#8243; _builder_version=\u00bb4.9.4&#8243; _module_preset=\u00bbdefault\u00bb background_color=\u00bb#eeeeee\u00bb custom_padding=\u00bb30px|||||\u00bb][et_pb_row _builder_version=\u00bb4.9.4&#8243; _module_preset=\u00bbdefault\u00bb width=\u00bb90%\u00bb][et_pb_column type=\u00bb4_4&#8243; _builder_version=\u00bb4.9.4&#8243; _module_preset=\u00bbdefault\u00bb][et_pb_text _builder_version=\u00bb4.9.4&#8243; _module_preset=\u00bbdefault\u00bb]<\/p>\n<h3>Realizar conductas de descargas y disipaci\u00f3n correctas<\/h3>\n<p>[\/et_pb_text][et_pb_text _builder_version=\u00bb4.9.4&#8243; _module_preset=\u00bbdefault\u00bb]<\/p>\n<p><strong>Renunciar a la comida<\/strong><\/p>\n<p>[\/et_pb_text][et_pb_video src=\u00bbhttps:\/\/escuela.adiestrar-perros.com\/videos\/correccion\/frustracion\/01 renunciar a la comida.mp4&#8243; _builder_version=\u00bb4.9.4&#8243; _module_preset=\u00bbdefault\u00bb width=\u00bb70%\u00bb width_tablet=\u00bb\u00bb width_phone=\u00bb100%\u00bb width_last_edited=\u00bbon|desktop\u00bb][\/et_pb_video][et_pb_text _builder_version=\u00bb4.9.4&#8243; _module_preset=\u00bbdefault\u00bb]<\/p>\n<p><strong>Renunciar a la pelota<\/strong><\/p>\n<p>[\/et_pb_text][et_pb_video src=\u00bbhttps:\/\/escuela.adiestrar-perros.com\/videos\/correccion\/frustracion\/02 renunciar a la pelota nuevo.mp4&#8243; _builder_version=\u00bb4.9.4&#8243; _module_preset=\u00bbdefault\u00bb width=\u00bb70%\u00bb width_tablet=\u00bb\u00bb width_phone=\u00bb100%\u00bb width_last_edited=\u00bbon|desktop\u00bb][\/et_pb_video][et_pb_text _builder_version=\u00bb4.9.4&#8243; _module_preset=\u00bbdefault\u00bb]<\/p>\n<p><strong>Si vienes hacia mi ser\u00e1 tuyo con comida<\/strong><\/p>\n<p>[\/et_pb_text][et_pb_video src=\u00bbhttps:\/\/escuela.adiestrar-perros.com\/\/videos\/capacidades\/gestionar-impulsividad\/15 Si vienes hacia mi sera tuyo con comida.mp4&#8243; _builder_version=\u00bb4.9.4&#8243; _module_preset=\u00bbdefault\u00bb width=\u00bb70%\u00bb width_tablet=\u00bb\u00bb width_phone=\u00bb100%\u00bb width_last_edited=\u00bbon|desktop\u00bb][\/et_pb_video][et_pb_text _builder_version=\u00bb4.9.4&#8243; _module_preset=\u00bbdefault\u00bb]<\/p>\n<p><strong>Si vienes hacia mi ser\u00e1 tuyo con juguete<\/strong><\/p>\n<p>[\/et_pb_text][et_pb_video src=\u00bbhttps:\/\/escuela.adiestrar-perros.com\/\/videos\/capacidades\/gestionar-impulsividad\/16 Si vienes hacia mi sera tuyo con juguete.mp4&#8243; _builder_version=\u00bb4.9.4&#8243; _module_preset=\u00bbdefault\u00bb width=\u00bb70%\u00bb width_tablet=\u00bb\u00bb width_phone=\u00bb100%\u00bb width_last_edited=\u00bbon|desktop\u00bb][\/et_pb_video][et_pb_text _builder_version=\u00bb4.9.4&#8243; _module_preset=\u00bbdefault\u00bb]<\/p>\n<p><strong>Frena y vuelve con comida\u00a0<\/strong><\/p>\n<p>[\/et_pb_text][et_pb_video src=\u00bbhttps:\/\/escuela.adiestrar-perros.com\/videos\/capacidades\/gestionar-impulsividad\/17 Frena y vuelve con comida.mp4&#8243; _builder_version=\u00bb4.9.4&#8243; _module_preset=\u00bbdefault\u00bb width=\u00bb70%\u00bb width_tablet=\u00bb\u00bb width_phone=\u00bb100%\u00bb width_last_edited=\u00bbon|desktop\u00bb][\/et_pb_video][et_pb_text _builder_version=\u00bb4.9.4&#8243; _module_preset=\u00bbdefault\u00bb]<\/p>\n<p><strong>Frena y vuelve con juguete<\/strong><\/p>\n<p>[\/et_pb_text][et_pb_video src=\u00bbhttps:\/\/escuela.adiestrar-perros.com\/videos\/capacidades\/gestionar-impulsividad\/18 frena y vuelve con juguete.mp4&#8243; _builder_version=\u00bb4.9.4&#8243; _module_preset=\u00bbdefault\u00bb width=\u00bb70%\u00bb width_tablet=\u00bb\u00bb width_phone=\u00bb100%\u00bb width_last_edited=\u00bbon|desktop\u00bb][\/et_pb_video][et_pb_text _builder_version=\u00bb4.9.4&#8243; _module_preset=\u00bbdefault\u00bb]<\/p>\n<p><strong>Frena y vuelve y descarga sobre un juguete\u00a0<\/strong><\/p>\n<p>[\/et_pb_text][\/et_pb_column][\/et_pb_row][\/et_pb_section][et_pb_section fb_built=\u00bb1&#8243; _builder_version=\u00bb4.9.4&#8243; _module_preset=\u00bbdefault\u00bb custom_padding=\u00bb30px|||||\u00bb][et_pb_row _builder_version=\u00bb4.9.4&#8243; _module_preset=\u00bbdefault\u00bb width=\u00bb90%\u00bb][et_pb_column type=\u00bb4_4&#8243; _builder_version=\u00bb4.9.4&#8243; _module_preset=\u00bbdefault\u00bb][et_pb_text _builder_version=\u00bb4.9.4&#8243; _module_preset=\u00bbdefault\u00bb]<\/p>\n<h3>Alargar las expectativas del perro<\/h3>\n<p>[\/et_pb_text][et_pb_text _builder_version=\u00bb4.9.4&#8243; _module_preset=\u00bbdefault\u00bb]<\/p>\n<p><strong>Permanencia din\u00e1mica a la vista<\/strong><\/p>\n<p>[\/et_pb_text][et_pb_video src=\u00bbhttps:\/\/escuela.adiestrar-perros.com\/videos\/correccion\/ansiedad-separacion\/permanencia dinamica a la vista.mp4&#8243; _builder_version=\u00bb4.9.4&#8243; _module_preset=\u00bbdefault\u00bb width=\u00bb70%\u00bb width_tablet=\u00bb\u00bb width_phone=\u00bb100%\u00bb width_last_edited=\u00bbon|desktop\u00bb][\/et_pb_video][\/et_pb_column][\/et_pb_row][\/et_pb_section][et_pb_section fb_built=\u00bb1&#8243; _builder_version=\u00bb4.9.4&#8243; _module_preset=\u00bbdefault\u00bb background_color=\u00bb#eeeeee\u00bb custom_padding=\u00bb30px|||||\u00bb][et_pb_row _builder_version=\u00bb4.9.4&#8243; _module_preset=\u00bbdefault\u00bb width=\u00bb90%\u00bb][et_pb_column type=\u00bb4_4&#8243; _builder_version=\u00bb4.9.4&#8243; _module_preset=\u00bbdefault\u00bb][et_pb_text _builder_version=\u00bb4.9.4&#8243; _module_preset=\u00bbdefault\u00bb]<\/p>\n<h3>Situaciones de peque\u00f1as frustraciones en casa<\/h3>\n<p>[\/et_pb_text][et_pb_text _builder_version=\u00bb4.9.4&#8243; _module_preset=\u00bbdefault\u00bb hover_enabled=\u00bb0&#8243; sticky_enabled=\u00bb0&#8243;]<\/p>\n<p><strong>Peque\u00f1a frustracion con comida<\/strong><\/p>\n<p>[\/et_pb_text][et_pb_video src=\u00bbhttps:\/\/escuela.adiestrar-perros.com\/videos\/correccion\/frustracion\/pequenia frustracion.mp4&#8243; _builder_version=\u00bb4.9.4&#8243; _module_preset=\u00bbdefault\u00bb width=\u00bb70%\u00bb width_tablet=\u00bb\u00bb width_phone=\u00bb100%\u00bb width_last_edited=\u00bbon|desktop\u00bb hover_enabled=\u00bb0&#8243; sticky_enabled=\u00bb0&#8243;][\/et_pb_video][\/et_pb_column][\/et_pb_row][\/et_pb_section][et_pb_section fb_built=\u00bb1&#8243; _builder_version=\u00bb4.9.4&#8243; _module_preset=\u00bbdefault\u00bb background_enable_color=\u00bboff\u00bb custom_padding=\u00bb30px|||||\u00bb][et_pb_row _builder_version=\u00bb4.9.4&#8243; _module_preset=\u00bbdefault\u00bb width=\u00bb90%\u00bb][et_pb_column type=\u00bb4_4&#8243; _builder_version=\u00bb4.9.4&#8243; _module_preset=\u00bbdefault\u00bb][et_pb_text _builder_version=\u00bb4.9.4&#8243; _module_preset=\u00bbdefault\u00bb]<\/p>\n<h3>Peque\u00f1as incomodidades<\/h3>\n<p>[\/et_pb_text][et_pb_text _builder_version=\u00bb4.9.4&#8243; _module_preset=\u00bbdefault\u00bb]<\/p>\n<p><strong>Post it<\/strong><\/p>\n<p>[\/et_pb_text][et_pb_video src=\u00bbhttps:\/\/escuela.adiestrar-perros.com\/videos\/capacidades\/estimulos-negativos\/post it.mp4&#8243; _builder_version=\u00bb4.9.4&#8243; _module_preset=\u00bbdefault\u00bb width=\u00bb70%\u00bb width_tablet=\u00bb\u00bb width_phone=\u00bb100%\u00bb width_last_edited=\u00bbon|desktop\u00bb hover_enabled=\u00bb0&#8243; sticky_enabled=\u00bb0&#8243;][\/et_pb_video][et_pb_text _builder_version=\u00bb4.9.4&#8243; _module_preset=\u00bbdefault\u00bb]<\/p>\n<p><strong>Goma de pelo<\/strong><\/p>\n<p>[\/et_pb_text][et_pb_video src=\u00bbhttps:\/\/escuela.adiestrar-perros.com\/videos\/capacidades\/estimulos-negativos\/goma de pelo.mp4&#8243; _builder_version=\u00bb4.9.4&#8243; _module_preset=\u00bbdefault\u00bb width=\u00bb70%\u00bb width_tablet=\u00bb\u00bb width_phone=\u00bb100%\u00bb width_last_edited=\u00bbon|desktop\u00bb hover_enabled=\u00bb0&#8243; sticky_enabled=\u00bb0&#8243;][\/et_pb_video][\/et_pb_column][\/et_pb_row][\/et_pb_section]<\/p>\n","protected":false},"excerpt":{"rendered":"<p>CORRECCI\u00d3N DE CONDUCTA FRUSTRACI\u00d3NCORRECCI\u00d3N DE CONDUCTAFrustraci\u00f3nA trav\u00e9s de ejercicios especificos el perro aprender\u00e1 a gestionar sus frustraciones de una manera correctaGestionar la impulsividadNo informativoContar hasta diezEl m\u00e1s r\u00e1pido ganaRealizar conductas de descargas y disipaci\u00f3n correctasRenunciar a la comidaRenunciar a la pelotaSi vienes hacia mi ser\u00e1 tuyo con comidaSi vienes hacia mi ser\u00e1 tuyo con jugueteFrena [&hellip;]<\/p>\n","protected":false},"author":1,"featured_media":0,"parent":0,"menu_order":33,"comment_status":"closed","ping_status":"closed","template":"","meta":{"_et_pb_use_builder":"on","_et_pb_old_content":"","_et_gb_content_width":"","footnotes":""},"class_list":["post-178","page","type-page","status-publish","hentry"],"_links":{"self":[{"href":"https:\/\/escuela.adiestrar-perros.com\/web\/wp-json\/wp\/v2\/pages\/178","targetHints":{"allow":["GET"]}}],"collection":[{"href":"https:\/\/escuela.adiestrar-perros.com\/web\/wp-json\/wp\/v2\/pages"}],"about":[{"href":"https:\/\/escuela.adiestrar-perros.com\/web\/wp-json\/wp\/v2\/types\/page"}],"author":[{"embeddable":true,"href":"https:\/\/escuela.adiestrar-perros.com\/web\/wp-json\/wp\/v2\/users\/1"}],"replies":[{"embeddable":true,"href":"https:\/\/escuela.adiestrar-perros.com\/web\/wp-json\/wp\/v2\/comments?post=178"}],"version-history":[{"count":0,"href":"https:\/\/escuela.adiestrar-perros.com\/web\/wp-json\/wp\/v2\/pages\/178\/revisions"}],"wp:attachment":[{"href":"https:\/\/escuela.adiestrar-perros.com\/web\/wp-json\/wp\/v2\/media?parent=178"}],"curies":[{"name":"wp","href":"https:\/\/api.w.org\/{rel}","templated":true}]}}