{"id":172,"date":"2021-06-16T13:12:28","date_gmt":"2021-06-16T11:12:28","guid":{"rendered":"https:\/\/escuela.adiestrar-perros.com\/?page_id=172"},"modified":"2021-06-16T13:12:28","modified_gmt":"2021-06-16T11:12:28","slug":"depresion","status":"publish","type":"page","link":"https:\/\/escuela.adiestrar-perros.com\/web\/depresion\/","title":{"rendered":"Correcci\u00f3n de Conducta &#8211; Depresi\u00f3n"},"content":{"rendered":"<p>[et_pb_section fb_built=\u00bb1&#8243; disabled_on=\u00bbon|off|off\u00bb _builder_version=\u00bb4.9.4&#8243; _module_preset=\u00bbdefault\u00bb background_image=\u00bbhttps:\/\/escuela.adiestrar-perros.com\/web\/wp-content\/uploads\/2021\/06\/correccion-depresion.jpg\u00bb height=\u00bb550px\u00bb custom_padding=\u00bb300px||||false|false\u00bb][et_pb_row _builder_version=\u00bb4.9.4&#8243; _module_preset=\u00bbdefault\u00bb custom_padding=\u00bb||8px||false|false\u00bb][et_pb_column type=\u00bb4_4&#8243; _builder_version=\u00bb4.9.4&#8243; _module_preset=\u00bbdefault\u00bb][et_pb_text _builder_version=\u00bb4.9.4&#8243; _module_preset=\u00bbdefault\u00bb header_font=\u00bb|300|||||||\u00bb header_text_color=\u00bb#FFFFFF\u00bb header_font_size=\u00bb25px\u00bb header_letter_spacing=\u00bb1px\u00bb header_2_font=\u00bb|300|||||||\u00bb header_2_text_color=\u00bb#FFFFFF\u00bb header_2_font_size=\u00bb30px\u00bb custom_css_main_element=\u00bbbackground: rgba(0, 0, 0, 0.7);||padding: 8px 10px 1px 10px;||display: inline-block;\u00bb]<\/p>\n<h1>CORRECCI\u00d3N DE CONDUCTA<\/h1>\n<h2>DEPRESI\u00d3N<\/h2>\n<p>[\/et_pb_text][\/et_pb_column][\/et_pb_row][\/et_pb_section][et_pb_section fb_built=\u00bb1&#8243; disabled_on=\u00bboff|on|on\u00bb _builder_version=\u00bb4.9.4&#8243; _module_preset=\u00bbdefault\u00bb use_background_color_gradient=\u00bbon\u00bb background_color_gradient_start=\u00bb#eeeeee\u00bb background_color_gradient_end=\u00bb#cccccc\u00bb background_enable_image=\u00bboff\u00bb custom_padding=\u00bb60px||||false|false\u00bb][et_pb_row _builder_version=\u00bb4.9.4&#8243; _module_preset=\u00bbdefault\u00bb custom_padding=\u00bb||8px||false|false\u00bb][et_pb_column type=\u00bb4_4&#8243; _builder_version=\u00bb4.9.4&#8243; _module_preset=\u00bbdefault\u00bb][et_pb_text _builder_version=\u00bb4.9.4&#8243; _module_preset=\u00bbdefault\u00bb header_font=\u00bb||||||||\u00bb header_font_size=\u00bb35px\u00bb header_letter_spacing=\u00bb1px\u00bb]<\/p>\n<h1>CORRECCI\u00d3N DE CONDUCTA<\/h1>\n<p>[\/et_pb_text][\/et_pb_column][\/et_pb_row][et_pb_row _builder_version=\u00bb4.9.4&#8243; _module_preset=\u00bbdefault\u00bb custom_padding=\u00bb0px||||false|false\u00bb][et_pb_column type=\u00bb4_4&#8243; _builder_version=\u00bb4.9.4&#8243; _module_preset=\u00bbdefault\u00bb][et_pb_text _builder_version=\u00bb4.9.4&#8243; _module_preset=\u00bbdefault\u00bb text_font_size=\u00bb20px\u00bb]<\/p>\n<p>Depresi\u00f3n<\/p>\n<p>[\/et_pb_text][\/et_pb_column][\/et_pb_row][\/et_pb_section][et_pb_section fb_built=\u00bb1&#8243; _builder_version=\u00bb4.9.4&#8243; _module_preset=\u00bbdefault\u00bb custom_padding=\u00bb||5px|||\u00bb][et_pb_row _builder_version=\u00bb4.9.4&#8243; _module_preset=\u00bbdefault\u00bb][et_pb_column type=\u00bb4_4&#8243; _builder_version=\u00bb4.9.4&#8243; _module_preset=\u00bbdefault\u00bb][et_pb_text _builder_version=\u00bb4.9.4&#8243; _module_preset=\u00bbdefault\u00bb text_font_size=\u00bb20px\u00bb text_line_height=\u00bb1.6em\u00bb text_orientation=\u00bbcenter\u00bb]<\/p>\n<p>A traves de ejercicios especificos el perro saldr\u00e1 de su estado depresivo y volver\u00e1 a ser feliz<\/p>\n<p>[\/et_pb_text][\/et_pb_column][\/et_pb_row][\/et_pb_section][et_pb_section fb_built=\u00bb1&#8243; _builder_version=\u00bb4.9.4&#8243; _module_preset=\u00bbdefault\u00bb custom_padding=\u00bb30px|||||\u00bb][et_pb_row _builder_version=\u00bb4.9.4&#8243; _module_preset=\u00bbdefault\u00bb width=\u00bb90%\u00bb][et_pb_column type=\u00bb4_4&#8243; _builder_version=\u00bb4.9.4&#8243; _module_preset=\u00bbdefault\u00bb][et_pb_text _builder_version=\u00bb4.9.4&#8243; _module_preset=\u00bbdefault\u00bb]<\/p>\n<h3>Emociones positivas<\/h3>\n<p>[\/et_pb_text][et_pb_text _builder_version=\u00bb4.9.4&#8243; _module_preset=\u00bbdefault\u00bb]<\/p>\n<p><strong>Masaje<\/strong><\/p>\n<p>[\/et_pb_text][et_pb_video src=\u00bbhttps:\/\/escuela.adiestrar-perros.com\/videos\/correccion\/depresion\/02 masajes.mp4&#8243; _builder_version=\u00bb4.9.4&#8243; _module_preset=\u00bbdefault\u00bb width=\u00bb70%\u00bb width_tablet=\u00bb\u00bb width_phone=\u00bb100%\u00bb width_last_edited=\u00bbon|desktop\u00bb][\/et_pb_video][et_pb_text _builder_version=\u00bb4.9.4&#8243; _module_preset=\u00bbdefault\u00bb]<\/p>\n<p><strong>Contactos afectivos tranquilos<\/strong><\/p>\n<p>[\/et_pb_text][et_pb_video src=\u00bbhttps:\/\/escuela.adiestrar-perros.com\/videos\/correccion\/depresion\/03 contactos afectivos tranquilos.mp4&#8243; _builder_version=\u00bb4.9.4&#8243; _module_preset=\u00bbdefault\u00bb width=\u00bb70%\u00bb width_tablet=\u00bb\u00bb width_phone=\u00bb100%\u00bb width_last_edited=\u00bbon|desktop\u00bb][\/et_pb_video][\/et_pb_column][\/et_pb_row][\/et_pb_section][et_pb_section fb_built=\u00bb1&#8243; _builder_version=\u00bb4.9.4&#8243; _module_preset=\u00bbdefault\u00bb background_color=\u00bb#eeeeee\u00bb custom_padding=\u00bb30px|||||\u00bb][et_pb_row _builder_version=\u00bb4.9.4&#8243; _module_preset=\u00bbdefault\u00bb width=\u00bb90%\u00bb][et_pb_column type=\u00bb4_4&#8243; _builder_version=\u00bb4.9.4&#8243; _module_preset=\u00bbdefault\u00bb][et_pb_text _builder_version=\u00bb4.9.4&#8243; _module_preset=\u00bbdefault\u00bb]<\/p>\n<h3>Actividades que sacan el perro de su estado depresivo<\/h3>\n<p>[\/et_pb_text][et_pb_text _builder_version=\u00bb4.9.4&#8243; _module_preset=\u00bbdefault\u00bb]<\/p>\n<p><strong>El\u00a0escondite<\/strong><\/p>\n<p>[\/et_pb_text][et_pb_video src=\u00bbhttps:\/\/escuela.adiestrar-perros.com\/videos\/correccion\/depresion\/el escondite.mp4&#8243; _builder_version=\u00bb4.9.4&#8243; _module_preset=\u00bbdefault\u00bb width=\u00bb70%\u00bb width_tablet=\u00bb\u00bb width_phone=\u00bb100%\u00bb width_last_edited=\u00bbon|desktop\u00bb][\/et_pb_video][et_pb_text _builder_version=\u00bb4.9.4&#8243; _module_preset=\u00bbdefault\u00bb]<\/p>\n<p><strong>Buscar diferentes tipos de comida<\/strong><\/p>\n<p>[\/et_pb_text][et_pb_video src=\u00bbhttps:\/\/escuela.adiestrar-perros.com\/videos\/correccion\/depresion\/buscar diferentes tipos de comida.mp4&#8243; _builder_version=\u00bb4.9.4&#8243; _module_preset=\u00bbdefault\u00bb width=\u00bb70%\u00bb width_tablet=\u00bb\u00bb width_phone=\u00bb100%\u00bb width_last_edited=\u00bbon|desktop\u00bb][\/et_pb_video][et_pb_text _builder_version=\u00bb4.9.4&#8243; _module_preset=\u00bbdefault\u00bb]<\/p>\n<p><strong>El juego de los botes<\/strong><\/p>\n<p>[\/et_pb_text][et_pb_video src=\u00bbhttps:\/\/escuela.adiestrar-perros.com\/videos\/correccion\/depresion\/el juego de los botes.mp4&#8243; _builder_version=\u00bb4.9.4&#8243; _module_preset=\u00bbdefault\u00bb width=\u00bb70%\u00bb width_tablet=\u00bb\u00bb width_phone=\u00bb100%\u00bb width_last_edited=\u00bbon|desktop\u00bb][\/et_pb_video][et_pb_text _builder_version=\u00bb4.9.4&#8243; _module_preset=\u00bbdefault\u00bb]<\/p>\n<p><strong>Manejo de correa con comida<\/strong><\/p>\n<p>[\/et_pb_text][et_pb_text _builder_version=\u00bb4.9.4&#8243; _module_preset=\u00bbdefault\u00bb]<\/p>\n<p><strong>Manejo de correa sin comida<\/strong><\/p>\n<p>[\/et_pb_text][et_pb_text _builder_version=\u00bb4.9.4&#8243; _module_preset=\u00bbdefault\u00bb]<\/p>\n<p><strong>Si esperas\u00a0ser\u00e1 tuyo\u00a0con comida en la mano<\/strong><\/p>\n<p>[\/et_pb_text][et_pb_video src=\u00bbhttps:\/\/escuela.adiestrar-perros.com\/videos\/capacidades\/gestionar-impulsividad\/04 Si esperas sera tuyo con el premio en la mano.mp4&#8243; _builder_version=\u00bb4.9.4&#8243; _module_preset=\u00bbdefault\u00bb width=\u00bb70%\u00bb width_tablet=\u00bb\u00bb width_phone=\u00bb100%\u00bb width_last_edited=\u00bbon|desktop\u00bb][\/et_pb_video][et_pb_text _builder_version=\u00bb4.9.4&#8243; _module_preset=\u00bbdefault\u00bb]<\/p>\n<p><strong>Buscar una caja con comida dentro<\/strong><\/p>\n<p>[\/et_pb_text][et_pb_video src=\u00bbhttps:\/\/escuela.adiestrar-perros.com\/videos\/correccion\/depresion\/buscar una caja.mp4&#8243; _builder_version=\u00bb4.9.4&#8243; _module_preset=\u00bbdefault\u00bb width=\u00bb70%\u00bb width_tablet=\u00bb\u00bb width_phone=\u00bb100%\u00bb width_last_edited=\u00bbon|desktop\u00bb][\/et_pb_video][et_pb_text _builder_version=\u00bb4.9.4&#8243; _module_preset=\u00bbdefault\u00bb]<\/p>\n<p><strong>Ir al sitio que te digo<\/strong><\/p>\n<p>[\/et_pb_text][et_pb_video src=\u00bbhttps:\/\/escuela.adiestrar-perros.com\/videos\/correccion\/depresion\/ir al sitio que te digo.mp4&#8243; _builder_version=\u00bb4.9.4&#8243; _module_preset=\u00bbdefault\u00bb width=\u00bb70%\u00bb width_tablet=\u00bb\u00bb width_phone=\u00bb100%\u00bb width_last_edited=\u00bbon|desktop\u00bb][\/et_pb_video][et_pb_text _builder_version=\u00bb4.9.4&#8243; _module_preset=\u00bbdefault\u00bb]<\/p>\n<p><strong>Fuera \/ dentro<\/strong><\/p>\n<p>[\/et_pb_text][et_pb_video src=\u00bbhttps:\/\/escuela.adiestrar-perros.com\/videos\/correccion\/celos\/05 fuera y dentro.mp4&#8243; _builder_version=\u00bb4.9.4&#8243; _module_preset=\u00bbdefault\u00bb width=\u00bb70%\u00bb width_tablet=\u00bb\u00bb width_phone=\u00bb100%\u00bb width_last_edited=\u00bbon|desktop\u00bb][\/et_pb_video][et_pb_text _builder_version=\u00bb4.9.4&#8243; _module_preset=\u00bbdefault\u00bb]<\/p>\n<p><strong>Guiar con comida<\/strong><\/p>\n<p>[\/et_pb_text][et_pb_video src=\u00bbhttps:\/\/escuela.adiestrar-perros.com\/videos\/correccion\/depresion\/guiar con comida.mp4&#8243; _builder_version=\u00bb4.9.4&#8243; _module_preset=\u00bbdefault\u00bb width=\u00bb70%\u00bb width_tablet=\u00bb\u00bb width_phone=\u00bb100%\u00bb width_last_edited=\u00bbon|desktop\u00bb][\/et_pb_video][et_pb_text _builder_version=\u00bb4.9.4&#8243; _module_preset=\u00bbdefault\u00bb]<\/p>\n<p><strong>En qu\u00e9 mano est\u00e1<\/strong><\/p>\n<p>[\/et_pb_text][et_pb_video src=\u00bbhttps:\/\/escuela.adiestrar-perros.com\/videos\/correccion\/depresion\/en que mano esta.mp4&#8243; _builder_version=\u00bb4.9.4&#8243; _module_preset=\u00bbdefault\u00bb width=\u00bb70%\u00bb width_tablet=\u00bb\u00bb width_phone=\u00bb100%\u00bb width_last_edited=\u00bbon|desktop\u00bb][\/et_pb_video][et_pb_text _builder_version=\u00bb4.9.4&#8243; _module_preset=\u00bbdefault\u00bb]<\/p>\n<p><strong>Activaci\u00f3n con algunos extras de comida<\/strong><\/p>\n<p>[\/et_pb_text][et_pb_text _builder_version=\u00bb4.9.4&#8243; _module_preset=\u00bbdefault\u00bb]<\/p>\n<p><strong>Env\u00edo hacia adelante<\/strong><\/p>\n<p>[\/et_pb_text][et_pb_video src=\u00bbhttps:\/\/escuela.adiestrar-perros.com\/videos\/correccion\/depresion\/envio hacia delante.mp4&#8243; _builder_version=\u00bb4.9.4&#8243; _module_preset=\u00bbdefault\u00bb width=\u00bb70%\u00bb width_tablet=\u00bb\u00bb width_phone=\u00bb100%\u00bb width_last_edited=\u00bbon|desktop\u00bb][\/et_pb_video][\/et_pb_column][\/et_pb_row][\/et_pb_section][et_pb_section fb_built=\u00bb1&#8243; _builder_version=\u00bb4.9.4&#8243; _module_preset=\u00bbdefault\u00bb custom_padding=\u00bb30px|||||\u00bb][et_pb_row _builder_version=\u00bb4.9.4&#8243; _module_preset=\u00bbdefault\u00bb width=\u00bb90%\u00bb][et_pb_column type=\u00bb4_4&#8243; _builder_version=\u00bb4.9.4&#8243; _module_preset=\u00bbdefault\u00bb][et_pb_text _builder_version=\u00bb4.9.4&#8243; _module_preset=\u00bbdefault\u00bb]<\/p>\n<h3>Control de su entorno<\/h3>\n<p>[\/et_pb_text][et_pb_text _builder_version=\u00bb4.9.4&#8243; _module_preset=\u00bbdefault\u00bb]<\/p>\n<p><strong>Juguetes interactivos<\/strong><\/p>\n<p>[\/et_pb_text][et_pb_video src=\u00bbhttps:\/\/escuela.adiestrar-perros.com\/videos\/capacidades\/solucion-problemas\/juguete interactivo.mp4&#8243; _builder_version=\u00bb4.9.4&#8243; _module_preset=\u00bbdefault\u00bb width=\u00bb70%\u00bb width_tablet=\u00bb\u00bb width_phone=\u00bb100%\u00bb width_last_edited=\u00bbon|desktop\u00bb][\/et_pb_video][et_pb_video src=\u00bbhttps:\/\/escuela.adiestrar-perros.com\/videos\/capacidades\/solucion-problemas\/juguete interactivo1.mp4&#8243; _builder_version=\u00bb4.9.4&#8243; _module_preset=\u00bbdefault\u00bb width=\u00bb70%\u00bb width_tablet=\u00bb\u00bb width_phone=\u00bb100%\u00bb width_last_edited=\u00bbon|desktop\u00bb][\/et_pb_video][et_pb_video src=\u00bbhttps:\/\/escuela.adiestrar-perros.com\/videos\/capacidades\/solucion-problemas\/juguete interactivo2.mp4&#8243; _builder_version=\u00bb4.9.4&#8243; _module_preset=\u00bbdefault\u00bb width=\u00bb70%\u00bb width_tablet=\u00bb\u00bb width_phone=\u00bb100%\u00bb width_last_edited=\u00bbon|desktop\u00bb][\/et_pb_video][et_pb_text _builder_version=\u00bb4.9.4&#8243; _module_preset=\u00bbdefault\u00bb]<\/p>\n<p><strong>Buscar el comedero y destaparlo<\/strong><\/p>\n<p>[\/et_pb_text][et_pb_video src=\u00bbhttps:\/\/escuela.adiestrar-perros.com\/videos\/capacidades\/solucion-problemas\/buscar el comedero y destaparlo.mp4&#8243; _builder_version=\u00bb4.9.4&#8243; _module_preset=\u00bbdefault\u00bb width=\u00bb70%\u00bb width_tablet=\u00bb\u00bb width_phone=\u00bb100%\u00bb width_last_edited=\u00bbon|desktop\u00bb][\/et_pb_video][et_pb_text _builder_version=\u00bb4.9.4&#8243; _module_preset=\u00bbdefault\u00bb]<\/p>\n<p><strong>B\u00fasqueda de tesoros<\/strong><\/p>\n<p>[\/et_pb_text][et_pb_video src=\u00bbhttps:\/\/escuela.adiestrar-perros.com\/videos\/correccion\/depresion\/busqueda de tesoros.mp4&#8243; _builder_version=\u00bb4.9.4&#8243; _module_preset=\u00bbdefault\u00bb width=\u00bb70%\u00bb width_tablet=\u00bb\u00bb width_phone=\u00bb100%\u00bb width_last_edited=\u00bbon|desktop\u00bb][\/et_pb_video][et_pb_text _builder_version=\u00bb4.9.4&#8243; _module_preset=\u00bbdefault\u00bb]<\/p>\n<p><strong>Conseguir un premio detr\u00e1s de una valla<\/strong><\/p>\n<p>[\/et_pb_text][et_pb_video src=\u00bbhttps:\/\/escuela.adiestrar-perros.com\/videos\/correccion\/depresion\/premio detras de la valla.mp4&#8243; _builder_version=\u00bb4.9.4&#8243; _module_preset=\u00bbdefault\u00bb width=\u00bb70%\u00bb width_tablet=\u00bb\u00bb width_phone=\u00bb100%\u00bb width_last_edited=\u00bbon|desktop\u00bb][\/et_pb_video][\/et_pb_column][\/et_pb_row][\/et_pb_section][et_pb_section fb_built=\u00bb1&#8243; _builder_version=\u00bb4.9.4&#8243; _module_preset=\u00bbdefault\u00bb background_color=\u00bb#dddddd\u00bb custom_padding=\u00bb30px|||||\u00bb][et_pb_row _builder_version=\u00bb4.9.4&#8243; _module_preset=\u00bbdefault\u00bb width=\u00bb90%\u00bb][et_pb_column type=\u00bb4_4&#8243; _builder_version=\u00bb4.9.4&#8243; _module_preset=\u00bbdefault\u00bb][et_pb_text _builder_version=\u00bb4.9.4&#8243; _module_preset=\u00bbdefault\u00bb]<\/p>\n<h3>Autonom\u00eda<\/h3>\n<p>[\/et_pb_text][et_pb_text _builder_version=\u00bb4.9.4&#8243; _module_preset=\u00bbdefault\u00bb]<\/p>\n<p><strong>Permanencia\u00a0est\u00e1tica fuera de la vista<\/strong><\/p>\n<p>[\/et_pb_text][et_pb_video src=\u00bbhttps:\/\/escuela.adiestrar-perros.com\/videos\/correccion\/depresion\/permanencia estatica fuera de la vista.mp4&#8243; _builder_version=\u00bb4.9.4&#8243; _module_preset=\u00bbdefault\u00bb width=\u00bb70%\u00bb width_tablet=\u00bb\u00bb width_phone=\u00bb100%\u00bb width_last_edited=\u00bbon|desktop\u00bb][\/et_pb_video][et_pb_text _builder_version=\u00bb4.9.4&#8243; _module_preset=\u00bbdefault\u00bb]<\/p>\n<p><strong>Permanencia din\u00e1mica fuera de la vista<\/strong><\/p>\n<p>[\/et_pb_text][et_pb_video src=\u00bbhttps:\/\/escuela.adiestrar-perros.com\/videos\/correccion\/ansiedad-separacion\/permanencia dinamica fuera de la vista.mp4&#8243; _builder_version=\u00bb4.9.4&#8243; _module_preset=\u00bbdefault\u00bb width=\u00bb70%\u00bb width_tablet=\u00bb\u00bb width_phone=\u00bb100%\u00bb width_last_edited=\u00bbon|desktop\u00bb][\/et_pb_video][et_pb_text _builder_version=\u00bb4.9.4&#8243; _module_preset=\u00bbdefault\u00bb hover_enabled=\u00bb0&#8243; sticky_enabled=\u00bb0&#8243;]<\/p>\n<p><strong>Untables<\/strong><\/p>\n<p>[\/et_pb_text][et_pb_video src=\u00bbhttps:\/\/escuela.adiestrar-perros.com\/videos\/correccion\/depresion\/untable.mp4&#8243; _builder_version=\u00bb4.9.4&#8243; _module_preset=\u00bbdefault\u00bb width=\u00bb70%\u00bb width_tablet=\u00bb\u00bb width_phone=\u00bb100%\u00bb width_last_edited=\u00bbon|desktop\u00bb][\/et_pb_video][et_pb_text _builder_version=\u00bb4.9.4&#8243; _module_preset=\u00bbdefault\u00bb]<\/p>\n<p><strong>Buscar comida por el suelo\u00a0<\/strong><\/p>\n<p>[\/et_pb_text][et_pb_video src=\u00bbhttps:\/\/escuela.adiestrar-perros.com\/videos\/correccion\/depresion\/buscar comida por el suelo.mp4&#8243; _builder_version=\u00bb4.9.4&#8243; _module_preset=\u00bbdefault\u00bb width=\u00bb70%\u00bb width_tablet=\u00bb\u00bb width_phone=\u00bb100%\u00bb width_last_edited=\u00bbon|desktop\u00bb][\/et_pb_video][et_pb_text _builder_version=\u00bb4.9.4&#8243; _module_preset=\u00bbdefault\u00bb hover_enabled=\u00bb0&#8243; sticky_enabled=\u00bb0&#8243;]<\/p>\n<p><strong>Bbuscar comida por el suelo y alfombra de olfato<\/strong><\/p>\n<p>[\/et_pb_text][et_pb_video src=\u00bbhttps:\/\/escuela.adiestrar-perros.com\/videos\/correccion\/depresion\/buscar comida por el suelo y alfombra de olfato.mp4&#8243; _builder_version=\u00bb4.9.4&#8243; _module_preset=\u00bbdefault\u00bb width=\u00bb70%\u00bb width_tablet=\u00bb\u00bb width_phone=\u00bb100%\u00bb width_last_edited=\u00bbon|desktop\u00bb][\/et_pb_video][\/et_pb_column][\/et_pb_row][\/et_pb_section][et_pb_section fb_built=\u00bb1&#8243; _builder_version=\u00bb4.9.4&#8243; _module_preset=\u00bbdefault\u00bb custom_padding=\u00bb30px|||||\u00bb][et_pb_row _builder_version=\u00bb4.9.4&#8243; _module_preset=\u00bbdefault\u00bb width=\u00bb90%\u00bb][et_pb_column type=\u00bb4_4&#8243; _builder_version=\u00bb4.9.4&#8243; _module_preset=\u00bbdefault\u00bb][et_pb_text _builder_version=\u00bb4.9.4&#8243; _module_preset=\u00bbdefault\u00bb]<\/p>\n<h3>Tranquilidad<\/h3>\n<p>[\/et_pb_text][et_pb_text _builder_version=\u00bb4.9.4&#8243; _module_preset=\u00bbdefault\u00bb]<\/p>\n<p><strong>Transmitir calma<\/strong><\/p>\n<p>[\/et_pb_text][et_pb_video src=\u00bbhttps:\/\/escuela.adiestrar-perros.com\/videos\/correccion\/depresion\/01 transmitir calma.mp4&#8243; _builder_version=\u00bb4.9.4&#8243; _module_preset=\u00bbdefault\u00bb width=\u00bb70%\u00bb width_tablet=\u00bb\u00bb width_phone=\u00bb100%\u00bb width_last_edited=\u00bbon|desktop\u00bb][\/et_pb_video][\/et_pb_column][\/et_pb_row][\/et_pb_section]<\/p>\n","protected":false},"excerpt":{"rendered":"<p>CORRECCI\u00d3N DE CONDUCTA DEPRESI\u00d3NCORRECCI\u00d3N DE CONDUCTADepresi\u00f3nA traves de ejercicios especificos el perro saldr\u00e1 de su estado depresivo y volver\u00e1 a ser felizEmociones positivasMasajeContactos afectivos tranquilosActividades que sacan el perro de su estado depresivoEl\u00a0esconditeBuscar diferentes tipos de comidaEl juego de los botesManejo de correa con comidaManejo de correa sin comidaSi esperas\u00a0ser\u00e1 tuyo\u00a0con comida en la manoBuscar [&hellip;]<\/p>\n","protected":false},"author":1,"featured_media":0,"parent":0,"menu_order":32,"comment_status":"closed","ping_status":"closed","template":"","meta":{"_et_pb_use_builder":"on","_et_pb_old_content":"","_et_gb_content_width":"","footnotes":""},"class_list":["post-172","page","type-page","status-publish","hentry"],"_links":{"self":[{"href":"https:\/\/escuela.adiestrar-perros.com\/web\/wp-json\/wp\/v2\/pages\/172","targetHints":{"allow":["GET"]}}],"collection":[{"href":"https:\/\/escuela.adiestrar-perros.com\/web\/wp-json\/wp\/v2\/pages"}],"about":[{"href":"https:\/\/escuela.adiestrar-perros.com\/web\/wp-json\/wp\/v2\/types\/page"}],"author":[{"embeddable":true,"href":"https:\/\/escuela.adiestrar-perros.com\/web\/wp-json\/wp\/v2\/users\/1"}],"replies":[{"embeddable":true,"href":"https:\/\/escuela.adiestrar-perros.com\/web\/wp-json\/wp\/v2\/comments?post=172"}],"version-history":[{"count":0,"href":"https:\/\/escuela.adiestrar-perros.com\/web\/wp-json\/wp\/v2\/pages\/172\/revisions"}],"wp:attachment":[{"href":"https:\/\/escuela.adiestrar-perros.com\/web\/wp-json\/wp\/v2\/media?parent=172"}],"curies":[{"name":"wp","href":"https:\/\/api.w.org\/{rel}","templated":true}]}}